{"id":10,"date":"2014-07-31T12:35:27","date_gmt":"2014-07-31T11:35:27","guid":{"rendered":"http:\/\/www.rizikovekaceni-plzen.cz\/?page_id=10"},"modified":"2024-04-29T19:27:08","modified_gmt":"2024-04-29T18:27:08","slug":"kontakty","status":"publish","type":"page","link":"https:\/\/www.stromplzen.cz\/?page_id=10","title":{"rendered":"Kontakty"},"content":{"rendered":"<p><strong>STROM Plze\u0148 s.r.o.<\/strong><\/p>\n<p>L\u00ed\u0161\u0165any 121,<\/p>\n<p>330 35 L\u00ed\u0161\u0165any<\/p>\n<p>I\u010cO: 04075765<\/p>\n<p>DI\u010c: CZ 04075765<\/p>\n<p><strong>email: stromplzen@email.cz<\/strong><\/p>\n<p>Veden\u00ed spole\u010dnosti:<\/p>\n<p><strong>Pavel Krhoun &nbsp;<\/strong><\/p>\n<p><strong>tel.: &nbsp;+420 775 985 180<\/strong><\/p>\n<p><strong>email:&nbsp;<\/strong> <strong>pavel@stromplzen.cz<\/strong><\/p>\n<p>\u00da\u010dt\u00e1rna:<\/p>\n<p><strong>Lenka Krhounov\u00e1<\/strong><\/p>\n<p><strong>tel.: +420 721 105 707<\/strong><\/p>\n<p><strong>email: lenka@stromplzen.cz<\/strong><\/p>\n<p>&nbsp;<\/p>\n","protected":false},"excerpt":{"rendered":"<p>STROM Plze\u0148 s.r.o. L\u00ed\u0161\u0165any 121, 330 35 L\u00ed\u0161\u0165any I\u010cO: 04075765 DI\u010c: CZ 04075765 email: stromplzen@email.cz Veden\u00ed spole\u010dnosti: Pavel Krhoun &nbsp; tel.: &nbsp;+420 775 985 180 email:&nbsp; pavel@stromplzen.cz \u00da\u010dt\u00e1rna: Lenka Krhounov\u00e1 tel.: +420 721 105 707 email: lenka@stromplzen.cz &nbsp;<\/p>\n","protected":false},"author":1,"featured_media":0,"parent":0,"menu_order":0,"comment_status":"open","ping_status":"open","template":"","meta":{"ngg_post_thumbnail":0},"_links":{"self":[{"href":"https:\/\/www.stromplzen.cz\/index.php?rest_route=\/wp\/v2\/pages\/10"}],"collection":[{"href":"https:\/\/www.stromplzen.cz\/index.php?rest_route=\/wp\/v2\/pages"}],"about":[{"href":"https:\/\/www.stromplzen.cz\/index.php?rest_route=\/wp\/v2\/types\/page"}],"author":[{"embeddable":true,"href":"https:\/\/www.stromplzen.cz\/index.php?rest_route=\/wp\/v2\/users\/1"}],"replies":[{"embeddable":true,"href":"https:\/\/www.stromplzen.cz\/index.php?rest_route=%2Fwp%2Fv2%2Fcomments&post=10"}],"version-history":[{"count":10,"href":"https:\/\/www.stromplzen.cz\/index.php?rest_route=\/wp\/v2\/pages\/10\/revisions"}],"predecessor-version":[{"id":1732,"href":"https:\/\/www.stromplzen.cz\/index.php?rest_route=\/wp\/v2\/pages\/10\/revisions\/1732"}],"wp:attachment":[{"href":"https:\/\/www.stromplzen.cz\/index.php?rest_route=%2Fwp%2Fv2%2Fmedia&parent=10"}],"curies":[{"name":"wp","href":"https:\/\/api.w.org\/{rel}","templated":true}]}}