{"id":16,"date":"2014-07-31T13:05:32","date_gmt":"2014-07-31T12:05:32","guid":{"rendered":"http:\/\/www.rizikovekaceni-plzen.cz\/?page_id=16"},"modified":"2020-07-27T18:59:00","modified_gmt":"2020-07-27T17:59:00","slug":"uvodni-stranka","status":"publish","type":"page","link":"https:\/\/www.stromplzen.cz\/","title":{"rendered":"V\u00edtejte na na\u0161ich str\u00e1nk\u00e1ch."},"content":{"rendered":"<p>Historie spole\u010dnosti zapo\u010dala p\u0159ed v\u00edce jak 10 lety. Na po\u010d\u00e1tku se spole\u010dnost specializovala na zpracov\u00e1n\u00ed d\u0159eva a jeho n\u00e1sledn\u00fd prodej. S postupem \u010dasu za\u010dala spole\u010dnost z\u00faro\u010dovat sv\u00e9 znalosti v pr\u00e1ci se d\u0159evem. Za\u010dala vyr\u00e1b\u011bt a dod\u00e1vat drobn\u00e9 d\u0159ev\u011bn\u00e9 stavby. Rostouc\u00ed z\u00e1jem a dobr\u00e9 jm\u00e9no na trhu spole\u010dnost transformovalo do dne\u0161n\u00ed podoby. V sou\u010dasn\u00e9 dob\u011b dod\u00e1v\u00e1 spole\u010dnost kompletn\u00ed slu\u017eby v oblasti v\u00fdstavby &#8211; drobn\u00e9 d\u0159evostavby, st\u0159echy, ale i kompletn\u00ed dod\u00e1vky dom\u016f na kl\u00ed\u010d.<\/p>\n","protected":false},"excerpt":{"rendered":"<p>Historie spole\u010dnosti zapo\u010dala p\u0159ed v\u00edce jak 10 lety. Na po\u010d\u00e1tku se spole\u010dnost specializovala na zpracov\u00e1n\u00ed d\u0159eva a jeho n\u00e1sledn\u00fd prodej. S postupem \u010dasu za\u010dala spole\u010dnost z\u00faro\u010dovat sv\u00e9 znalosti v pr\u00e1ci se d\u0159evem. Za\u010dala vyr\u00e1b\u011bt a dod\u00e1vat drobn\u00e9 d\u0159ev\u011bn\u00e9 stavby. Rostouc\u00ed z\u00e1jem a dobr\u00e9 jm\u00e9no na trhu spole\u010dnost transformovalo do dne\u0161n\u00ed podoby. V sou\u010dasn\u00e9 dob\u011b dod\u00e1v\u00e1 &hellip; <\/p>\n<p class=\"link-more\"><a href=\"https:\/\/www.stromplzen.cz\/\" class=\"more-link\">Pokra\u010dovat ve \u010dten\u00ed<span class=\"screen-reader-text\"> &#8222;V\u00edtejte na na\u0161ich str\u00e1nk\u00e1ch.&#8220;<\/span><\/a><\/p>\n","protected":false},"author":1,"featured_media":0,"parent":0,"menu_order":0,"comment_status":"open","ping_status":"open","template":"","meta":{"ngg_post_thumbnail":0},"_links":{"self":[{"href":"https:\/\/www.stromplzen.cz\/index.php?rest_route=\/wp\/v2\/pages\/16"}],"collection":[{"href":"https:\/\/www.stromplzen.cz\/index.php?rest_route=\/wp\/v2\/pages"}],"about":[{"href":"https:\/\/www.stromplzen.cz\/index.php?rest_route=\/wp\/v2\/types\/page"}],"author":[{"embeddable":true,"href":"https:\/\/www.stromplzen.cz\/index.php?rest_route=\/wp\/v2\/users\/1"}],"replies":[{"embeddable":true,"href":"https:\/\/www.stromplzen.cz\/index.php?rest_route=%2Fwp%2Fv2%2Fcomments&post=16"}],"version-history":[{"count":19,"href":"https:\/\/www.stromplzen.cz\/index.php?rest_route=\/wp\/v2\/pages\/16\/revisions"}],"predecessor-version":[{"id":1692,"href":"https:\/\/www.stromplzen.cz\/index.php?rest_route=\/wp\/v2\/pages\/16\/revisions\/1692"}],"wp:attachment":[{"href":"https:\/\/www.stromplzen.cz\/index.php?rest_route=%2Fwp%2Fv2%2Fmedia&parent=16"}],"curies":[{"name":"wp","href":"https:\/\/api.w.org\/{rel}","templated":true}]}}